{"id":802,"date":"2025-02-24T15:20:03","date_gmt":"2025-02-24T14:20:03","guid":{"rendered":"https:\/\/mfrbrenne.fr\/?page_id=802"},"modified":"2026-01-07T16:28:26","modified_gmt":"2026-01-07T15:28:26","slug":"em-kaleidoscope","status":"publish","type":"page","link":"https:\/\/mfrbrenne.fr\/index.php\/em-kaleidoscope\/","title":{"rendered":"Entra\u00eenement Mental"},"content":{"rendered":"\t\t<div data-elementor-type=\"wp-page\" data-elementor-id=\"802\" class=\"elementor elementor-802\" data-elementor-post-type=\"page\">\n\t\t\t\t<div class=\"elementor-element elementor-element-22f279f e-flex e-con-boxed e-con e-parent\" data-id=\"22f279f\" data-element_type=\"container\" data-e-type=\"container\">\n\t\t\t\t\t<div class=\"e-con-inner\">\n\t\t\t\t<div class=\"elementor-element elementor-element-b153df6 elementor-widget elementor-widget-text-editor\" data-id=\"b153df6\" data-element_type=\"widget\" data-e-type=\"widget\" data-widget_type=\"text-editor.default\">\n\t\t\t\t<div class=\"elementor-widget-container\">\n\t\t\t\t\t\t\t\t\t<p><strong>D\u00c9M\u00caLER DES SITUATIONS, STRUCTURER SA R\u00c9FLEXION<\/strong><\/p><p><strong>Initiation \u00e0 la m\u00e9thode de l\u2019entra\u00eenement mental (niveau 1)<\/strong><\/p><p>Pas de session propos\u00e9e \u00e0 l&rsquo;heure actuelle.\u00a0<\/p>\t\t\t\t\t\t\t\t<\/div>\n\t\t\t\t<\/div>\n\t\t\t\t\t<\/div>\n\t\t\t\t<\/div>\n\t\t<div class=\"elementor-element elementor-element-4a2791a e-flex e-con-boxed e-con e-parent\" data-id=\"4a2791a\" data-element_type=\"container\" data-e-type=\"container\">\n\t\t\t\t\t<div class=\"e-con-inner\">\n\t\t\t\t<div class=\"elementor-element elementor-element-421f8ee elementor-widget elementor-widget-text-editor\" data-id=\"421f8ee\" data-element_type=\"widget\" data-e-type=\"widget\" data-widget_type=\"text-editor.default\">\n\t\t\t\t<div class=\"elementor-widget-container\">\n\t\t\t\t\t\t\t\t\t<h2><strong>ORGANISME DE FORMATION <\/strong><\/h2><p>MFR de la Brenne<br \/>1, rue Pierre Milon<br \/>36300 Le Blanc<\/p><h2><strong>FORMATRICE(S)<\/strong><\/h2><p>Gwladys FOULATIERS (association Kal\u00e9idoscope) form\u00e9e en entra\u00eenement mental par l\u2019association Pivoine, structure d\u2019Education populaire bas\u00e9e \u00e0 Faux la Montagne.<\/p><h2><strong>OBJECTIF(S) VIS\u00c9(S) <\/strong><\/h2><p>Accro\u00eetre ses capacit\u00e9s d\u2019analyse, de coop\u00e9ration et d\u2019action individuelle et collective avec la m\u00e9thode de l\u2019entra\u00eenement mental.<\/p><h2><strong>CONTENU <\/strong><\/h2><h3><u>Jour 1 : <\/u><\/h3><p>Matin\u00a0: Accueil, pr\u00e9sentation des participants et du programme. \u00c9l\u00e9ments d&rsquo;histoire et premi\u00e8re mise en situation.<\/p><p>Apr\u00e8s-midi\u00a0: Exercices de formulation de situations, sch\u00e9ma et articulation dialectique \/ logique \/ \u00e9thique.<\/p><h3><u>Jour 2 : <\/u><\/h3><p>Matin : pr\u00e9sentation des outils de la dimension logique : les op\u00e9rations mentales de base, articulation pratique \/ th\u00e9orie.<\/p><p>Apr\u00e8s-midi : application et mise en pratique par un travail en sous-groupes sur des situations concr\u00e8tes insatisfaisantes. Mise en commun des avanc\u00e9es et difficult\u00e9s. Apports d\u2019\u00e9l\u00e9ments de m\u00e9thodes compl\u00e9mentaires, pr\u00e9cisions par les formateurs.<\/p><h3><u>Jour 3 : <\/u><\/h3><p>Matin : reprise du travail sur les situations concr\u00e8tes insatisfaisantes.<\/p><p>Apr\u00e8s-midi : apports m\u00e9thodologiques : notions d\u2019aspect, de point de vue et de contradiction. Exercices d\u2019appropriation de la notion de complexit\u00e9 dans la prise de d\u00e9cisions collectives et l\u2019animation de groupe.<\/p><h3><u>Jour 4\u00a0:<\/u><\/h3><p>Matin : apports th\u00e9oriques, organisation de l&rsquo;action et des solutions, mise en pratique sur les situations apport\u00e9es par les participants. Reprise des apports th\u00e9oriques, articulation logique \/ \u00e9thique \/ dialectique au regard des travaux pratiques.<\/p><p>Apr\u00e8s-midi : travail individuel et collectif d\u2019analyse d\u2019un corpus d\u2019articles et de documents sonores avec les grilles de l\u2019entra\u00eenement mental.<\/p><h3><u>Jour 5\u00a0: <\/u><\/h3><p>Matin\u00a0: synth\u00e8se et pr\u00e9cisions m\u00e9thodologiques sur les difficult\u00e9s de chacun, rep\u00e8res bibliographiques et documentaires, ressources disponibles. Bilan et perspectives d\u2019usages par chacun.<\/p><p>Apr\u00e8s-midi\u00a0: Bilans et perspectives d\u2019usages par chacun.<\/p><p>Ce d\u00e9roul\u00e9 pourra \u00e9voluer en fonction notamment des attentes des stagiaires.<\/p><h2><strong>M\u00c9THODES P\u00c9DAGOGIQUES <\/strong><\/h2><p>Des exercices pratiques alterneront avec des apports techniques ou th\u00e9oriques. Ces exercices porteront sur des situations concr\u00e8tes propos\u00e9es et choisies par les participants, en rapport avec leurs exp\u00e9riences professionnelles pass\u00e9es et pr\u00e9sentes.<\/p><p>Les apports th\u00e9oriques sont essentiellement d\u2019ordre m\u00e9thodologique et seront articul\u00e9s \u00e0 des \u00e9clairages issus des sciences humaines : sociologie, sciences du langage, \u00e9tymologie, philosophie, entre autres.<\/p><p>Nous utiliserons la m\u00e9thode de l&rsquo;entra\u00eenement mental, \u00e9labor\u00e9e et port\u00e9e par l&rsquo;association Peuple et Culture en 1945 et actualis\u00e9e en permanence depuis. Il s&rsquo;agit d&rsquo;une invitation \u00e0 l&rsquo;entra\u00eenement de la pens\u00e9e, individuel et collectif et \u00e0 l&rsquo;engagement dans l&rsquo;action.<\/p><h2><strong>COMP\u00c9TENCES PROFESSIONNELLES VIS\u00c9ES <\/strong><\/h2><ul><li>Observer, analyser une situation, afin de la probl\u00e9matiser et d&rsquo;\u00e9valuer les diff\u00e9rentes solutions et \/ou les actions \u00e0 mener.<\/li><li>Faciliter et permettre l\u2019expression de positions, de cultures diff\u00e9rentes dans la perspective de renforcer la compr\u00e9hension mutuelle et l\u2019\u00e9laboration collective.<\/li><li>Concevoir les formes permettant d\u2019animer une r\u00e9union, un d\u00e9bat, dans le but d\u2019accompagner un groupe \u00e0 prendre des d\u00e9cisions en tenant compte des enjeux des diff\u00e9rents acteurs en pr\u00e9sence. PRE-REQUIS Ma\u00eetrise de la langue fran\u00e7aise.<\/li><\/ul><h2><strong>TARIFS<\/strong><\/h2><p>Possibilit\u00e9 de prise en charge au titre de la formation professionnelle continue (financement en fonction de votre statut et de vos droits \u00e0 la formation).<\/p><p><strong>Contacter Kal\u00e9idoscope ou la MFR de la Brenne au plus t\u00f4t pour mettre en place les demandes de prise en charge.<\/strong><\/p><p>Si vous ne pouvez pas b\u00e9n\u00e9ficier d\u2019une prise en charge, une participation de 150 \u20ac vous sera demand\u00e9e.<\/p><p>Nous sommes pr\u00eats \u00e0 nous adapter \u00e0 vos situations, contactez nous pour toutes questions.<\/p><h2><strong>\u00c9VALUATION <\/strong><\/h2><p>Un certificat de r\u00e9alisation de formation.<\/p><p>Une \u00e9valuation en fin de formation est \u00e9galement pr\u00e9vue<\/p><h2><strong>PUBLIC <\/strong><\/h2><p>Acteurs sociaux, charg\u00e9s de missions, animateurs, salari\u00e9s ou b\u00e9n\u00e9voles associatifs, coordinateurs, directeurs, et toute personne en situation de responsabilit\u00e9, de travail en \u00e9quipe, ou impliqu\u00e9e dans des dynamiques collectives (coop\u00e9ratives, GAEC, associations, collectifs, SCI etc.)<\/p><p><em>NB\u00a0: Dans le cas de la participation de plusieurs membres d\u2019une m\u00eame organisation \u00e0 la formation, il y a une plus-value \u00e9vidente dans le fait que des acteurs d&rsquo;une m\u00eame structure, d\u2019un m\u00eame r\u00e9seau, ou d&rsquo;un m\u00eame territoire s\u2019approprient une m\u00e9thode commune favorisant la concertation et la prise de d\u00e9cision.<\/em><\/p><h2><strong>PREREQUI<\/strong><\/h2><p>Aucun<\/p><h2><strong>NOMBRE de STAGIAIRES <\/strong><\/h2><p>Nombre de stagiaires total : 13<\/p><h2><strong>DUR\u00c9E, DATES et LIEU(X) DE FORMATION <\/strong><\/h2><p>35h r\u00e9parties sur 5 jours<\/p><p>Lieux : \u00e0 pr\u00e9ciser<\/p><h2><strong>INDICATEURS CLES<\/strong><\/h2><p>Taux de satisfaction des stagiaires : 100%\u00a0<\/p><h2><strong>Contact<\/strong><\/h2><p>Renseignement et inscription aupr\u00e8s de :<\/p><p>MFR de la Brenne<br \/>Laure BOUGON<br \/>06 85 12 04 78<br \/><a href=\"mailto:laure.bougon@mfr.asso.fr\">laure.bougon@mfr.asso.fr<\/a><\/p><p>ou<\/p><p>Kal\u00e9idoscope<br \/>Claire MOREAU<br \/>07 67 37 53 32<br \/><a href=\"mailto:c.moreau.kaleidoscope@gmail.com\">c.moreau.kaleidoscope@gmail.com<\/a><\/p><h2><strong>Pour en savoir plus<\/strong><\/h2><ul><li><a href=\"https:\/\/mfrbrenne.fr\/wp-content\/uploads\/2025\/09\/02-Depliant-EM-2025.pdf\">Plaquette derni\u00e8re session r\u00e9alis\u00e9e (24 au 28\/11\/2025)<\/a><\/li><\/ul>\t\t\t\t\t\t\t\t<\/div>\n\t\t\t\t<\/div>\n\t\t\t\t\t<\/div>\n\t\t\t\t<\/div>\n\t\t<div class=\"elementor-element elementor-element-069a0e2 e-flex e-con-boxed e-con e-parent\" data-id=\"069a0e2\" data-element_type=\"container\" data-e-type=\"container\">\n\t\t\t\t\t<div class=\"e-con-inner\">\n\t\t\t\t<div class=\"elementor-element elementor-element-3167fdf elementor-widget elementor-widget-image\" data-id=\"3167fdf\" data-element_type=\"widget\" data-e-type=\"widget\" data-widget_type=\"image.default\">\n\t\t\t\t<div class=\"elementor-widget-container\">\n\t\t\t\t\t\t\t\t\t\t\t\t\t\t\t<img fetchpriority=\"high\" decoding=\"async\" width=\"300\" height=\"194\" src=\"https:\/\/mfrbrenne.fr\/wp-content\/uploads\/2025\/02\/f2e540_52cb3ea06e6f4a869e77cf8c9d47a514mv2-300x194.png\" class=\"attachment-medium size-medium wp-image-842\" alt=\"\" srcset=\"https:\/\/mfrbrenne.fr\/wp-content\/uploads\/2025\/02\/f2e540_52cb3ea06e6f4a869e77cf8c9d47a514mv2-300x194.png 300w, https:\/\/mfrbrenne.fr\/wp-content\/uploads\/2025\/02\/f2e540_52cb3ea06e6f4a869e77cf8c9d47a514mv2-1024x661.png 1024w, https:\/\/mfrbrenne.fr\/wp-content\/uploads\/2025\/02\/f2e540_52cb3ea06e6f4a869e77cf8c9d47a514mv2-768x496.png 768w, https:\/\/mfrbrenne.fr\/wp-content\/uploads\/2025\/02\/f2e540_52cb3ea06e6f4a869e77cf8c9d47a514mv2-1536x992.png 1536w, https:\/\/mfrbrenne.fr\/wp-content\/uploads\/2025\/02\/f2e540_52cb3ea06e6f4a869e77cf8c9d47a514mv2.png 1559w\" sizes=\"(max-width: 300px) 100vw, 300px\" \/>\t\t\t\t\t\t\t\t\t\t\t\t\t\t\t<\/div>\n\t\t\t\t<\/div>\n\t\t\t\t\t<\/div>\n\t\t\t\t<\/div>\n\t\t\t\t<\/div>\n\t\t","protected":false},"excerpt":{"rendered":"<p>D\u00c9M\u00caLER DES SITUATIONS, STRUCTURER SA R\u00c9FLEXION Initiation \u00e0 la m\u00e9thode de l\u2019entra\u00eenement mental (niveau 1) Pas de session propos\u00e9e \u00e0 l&rsquo;heure actuelle.\u00a0 ORGANISME DE FORMATION MFR de la Brenne1, rue Pierre Milon36300 Le Blanc FORMATRICE(S) Gwladys FOULATIERS (association Kal\u00e9idoscope) form\u00e9e en entra\u00eenement mental par l\u2019association Pivoine, structure d\u2019Education populaire bas\u00e9e \u00e0 Faux la Montagne. OBJECTIF(S) [&hellip;]<\/p>\n","protected":false},"author":1,"featured_media":0,"parent":0,"menu_order":0,"comment_status":"closed","ping_status":"closed","template":"","meta":{"footnotes":""},"class_list":["post-802","page","type-page","status-publish","hentry"],"_links":{"self":[{"href":"https:\/\/mfrbrenne.fr\/index.php\/wp-json\/wp\/v2\/pages\/802","targetHints":{"allow":["GET"]}}],"collection":[{"href":"https:\/\/mfrbrenne.fr\/index.php\/wp-json\/wp\/v2\/pages"}],"about":[{"href":"https:\/\/mfrbrenne.fr\/index.php\/wp-json\/wp\/v2\/types\/page"}],"author":[{"embeddable":true,"href":"https:\/\/mfrbrenne.fr\/index.php\/wp-json\/wp\/v2\/users\/1"}],"replies":[{"embeddable":true,"href":"https:\/\/mfrbrenne.fr\/index.php\/wp-json\/wp\/v2\/comments?post=802"}],"version-history":[{"count":45,"href":"https:\/\/mfrbrenne.fr\/index.php\/wp-json\/wp\/v2\/pages\/802\/revisions"}],"predecessor-version":[{"id":1228,"href":"https:\/\/mfrbrenne.fr\/index.php\/wp-json\/wp\/v2\/pages\/802\/revisions\/1228"}],"wp:attachment":[{"href":"https:\/\/mfrbrenne.fr\/index.php\/wp-json\/wp\/v2\/media?parent=802"}],"curies":[{"name":"wp","href":"https:\/\/api.w.org\/{rel}","templated":true}]}}