{"id":325,"date":"2023-09-21T14:01:00","date_gmt":"2023-09-21T12:01:00","guid":{"rendered":"https:\/\/mfrbrenne.fr\/?page_id=325"},"modified":"2025-09-16T15:16:02","modified_gmt":"2025-09-16T13:16:02","slug":"lassociation","status":"publish","type":"page","link":"https:\/\/mfrbrenne.fr\/index.php\/notre-mfr\/lassociation\/","title":{"rendered":"L&rsquo;association"},"content":{"rendered":"\t\t<div data-elementor-type=\"wp-page\" data-elementor-id=\"325\" class=\"elementor elementor-325\" data-elementor-post-type=\"page\">\n\t\t\t\t<div class=\"elementor-element elementor-element-db0920c e-flex e-con-boxed e-con e-parent\" data-id=\"db0920c\" data-element_type=\"container\" data-e-type=\"container\">\n\t\t\t\t\t<div class=\"e-con-inner\">\n\t\t\t\t<div class=\"elementor-element elementor-element-a33b296 elementor-widget elementor-widget-text-editor\" data-id=\"a33b296\" data-element_type=\"widget\" data-e-type=\"widget\" data-widget_type=\"text-editor.default\">\n\t\t\t\t<div class=\"elementor-widget-container\">\n\t\t\t\t\t\t\t\t\t<h2>Histoire de l&rsquo;association<\/h2>\n<p><br><\/p><p>Cr\u00e9\u00e9e en 2019, la Maison Familiale Rurale de la Brenne est un \u00e9tablissement de formation associatif loi 1901 reconnu par l\u2019Union Nationale des Maisons Familiales Rurales qui d\u00e9pend du Minist\u00e8re de l\u2019Agriculture.<\/p>\n<p>Port\u00e9e par un Conseil d&rsquo;Administration compos\u00e9 d\u2019habitants et d\u2019acteurs du territoire de la Brenne, l&rsquo;association porte 3 missions :<\/p>\n<ul>\n<li>l\u2019animation de la dynamique <a href=\"https:\/\/mfrbrenne.fr\/index.php\/emploi-competence\/\"><strong>Emploi et Comp\u00e9tence en Brenne<\/strong><\/a>, dispositif de Gestion Pr\u00e9visionnelle de l\u2019emploi et des Comp\u00e9tences Territoriale ( GPECT) port\u00e9 par le Parc Naturel R\u00e9gional de la Brenne<\/li>\n<li>l\u2019accompagnement des d\u00e9crocheurs scolaires et \u00e9tudiants, dans le cadre de <strong><a href=\"https:\/\/mfrbrenne.fr\/index.php\/annee-verte\/\">l\u2019Ann\u00e9e Verte<\/a><\/strong>. Ce parcours d\u2019une ann\u00e9e pour prendre le temps de reprendre confiance en soi, trouver sa motivation, d\u00e9couvrir les m\u00e9tiers de la transition \u00e9cologique et construire son projet personnel et professionnel<\/li>\n<li>le d\u00e9veloppement de la <a href=\"https:\/\/mfrbrenne.fr\/index.php\/formation\/\"><strong>formation<\/strong> <\/a>par la mise en \u0153uvre de formations en fonction des besoins du territoire, l\u2019accompagnement des apprenants, l\u2019appui aux formations d\u00e9velopper sur le territoire<\/li>\n<\/ul>\n<h2>Valeurs de l&rsquo;association<\/h2><div><br><\/div><ul><li>Croire qu\u2019il y a un potentiel en chaque personne de d\u00e9velopper ses capacit\u00e9s \u00e0 apprendre, entreprendre, et \u00e0 rejoindre son ambition,<\/li>\n<li>Permettre \u00e0 chacune et chacun de prendre la place qu\u2019elle\/il aura choisi dans la soci\u00e9t\u00e9 par des valeurs humanistes, de responsabilit\u00e9 et d\u2019engagements soci\u00e9taux,<\/li>\n<li>Proposer \u00e0 chaque jeune ou personne en devenir, un champ de possibles pour l\u2019aider \u00e0 construire ensemble son projet personnel et professionnel.<\/li>\n<\/ul>\n<h2>Rejoindre l&rsquo;association<\/h2><div><br><\/div>\n<p>Qui que vous soyez, si nos missions vous parlent, vous avez la possibilit\u00e9 de rejoindre l&rsquo;association et ainsi prendre part \u00e0 la vie de celle-ci.<br>Pour cela, il suffit de <a href=\"https:\/\/mfrbrenne.fr\/index.php\/infos-pratiques\/\"><strong>contacter la MFR<\/strong><\/a>.<\/p>\t\t\t\t\t\t\t\t<\/div>\n\t\t\t\t<\/div>\n\t\t\t\t\t<\/div>\n\t\t\t\t<\/div>\n\t\t\t\t<\/div>\n\t\t","protected":false},"excerpt":{"rendered":"<p>Histoire de l&rsquo;association Cr\u00e9\u00e9e en 2019, la Maison Familiale Rurale de la Brenne est un \u00e9tablissement de formation associatif loi 1901 reconnu par l\u2019Union Nationale des Maisons Familiales Rurales qui d\u00e9pend du Minist\u00e8re de l\u2019Agriculture. Port\u00e9e par un Conseil d&rsquo;Administration compos\u00e9 d\u2019habitants et d\u2019acteurs du territoire de la Brenne, l&rsquo;association porte 3 missions : l\u2019animation [&hellip;]<\/p>\n","protected":false},"author":1,"featured_media":0,"parent":22,"menu_order":0,"comment_status":"closed","ping_status":"closed","template":"","meta":{"footnotes":""},"class_list":["post-325","page","type-page","status-publish","hentry"],"_links":{"self":[{"href":"https:\/\/mfrbrenne.fr\/index.php\/wp-json\/wp\/v2\/pages\/325","targetHints":{"allow":["GET"]}}],"collection":[{"href":"https:\/\/mfrbrenne.fr\/index.php\/wp-json\/wp\/v2\/pages"}],"about":[{"href":"https:\/\/mfrbrenne.fr\/index.php\/wp-json\/wp\/v2\/types\/page"}],"author":[{"embeddable":true,"href":"https:\/\/mfrbrenne.fr\/index.php\/wp-json\/wp\/v2\/users\/1"}],"replies":[{"embeddable":true,"href":"https:\/\/mfrbrenne.fr\/index.php\/wp-json\/wp\/v2\/comments?post=325"}],"version-history":[{"count":19,"href":"https:\/\/mfrbrenne.fr\/index.php\/wp-json\/wp\/v2\/pages\/325\/revisions"}],"predecessor-version":[{"id":1111,"href":"https:\/\/mfrbrenne.fr\/index.php\/wp-json\/wp\/v2\/pages\/325\/revisions\/1111"}],"up":[{"embeddable":true,"href":"https:\/\/mfrbrenne.fr\/index.php\/wp-json\/wp\/v2\/pages\/22"}],"wp:attachment":[{"href":"https:\/\/mfrbrenne.fr\/index.php\/wp-json\/wp\/v2\/media?parent=325"}],"curies":[{"name":"wp","href":"https:\/\/api.w.org\/{rel}","templated":true}]}}