{"id":1263,"date":"2026-01-16T17:54:50","date_gmt":"2026-01-16T16:54:50","guid":{"rendered":"https:\/\/mfrbrenne.fr\/?page_id=1263"},"modified":"2026-01-19T10:28:48","modified_gmt":"2026-01-19T09:28:48","slug":"direction-acm","status":"publish","type":"page","link":"https:\/\/mfrbrenne.fr\/index.php\/direction-acm\/","title":{"rendered":"DIRECTION ACM"},"content":{"rendered":"\t\t<div data-elementor-type=\"wp-page\" data-elementor-id=\"1263\" class=\"elementor elementor-1263\" data-elementor-post-type=\"page\">\n\t\t\t\t<div class=\"elementor-element elementor-element-6fe4015 e-flex e-con-boxed e-con e-parent\" data-id=\"6fe4015\" data-element_type=\"container\" data-e-type=\"container\">\n\t\t\t\t\t<div class=\"e-con-inner\">\n\t\t\t\t\t<\/div>\n\t\t\t\t<\/div>\n\t\t<div class=\"elementor-element elementor-element-7c65347 e-flex e-con-boxed e-con e-parent\" data-id=\"7c65347\" data-element_type=\"container\" data-e-type=\"container\">\n\t\t\t\t\t<div class=\"e-con-inner\">\n\t\t\t\t<div class=\"elementor-element elementor-element-d459ccc elementor-widget elementor-widget-text-editor\" data-id=\"d459ccc\" data-element_type=\"widget\" data-e-type=\"widget\" data-widget_type=\"text-editor.default\">\n\t\t\t\t<div class=\"elementor-widget-container\">\n\t\t\t\t\t\t\t\t\t<p><strong>Certificat compl\u00e9mentaire \u00ab\u00a0Direction d\u2019un accueil collectif de mineurs (ACM)\u00a0\u00bb<\/strong><\/p><p><strong>Sous r\u00e9serve de l\u2019habilitation DRAJES<\/strong><\/p><blockquote><p><strong>Cliquez ici : <a href=\"https:\/\/mfrbrenne.fr\/wp-content\/uploads\/2026\/01\/Dossier-dinscription-CCDACM_160126.pdf\">Dossier d&rsquo;inscription<\/a> \/ <\/strong><strong><a href=\"https:\/\/mfrbrenne.fr\/wp-content\/uploads\/2026\/01\/CCDACM_160126_Fiche-formation.pdf\">Fiche formation <\/a>\/<\/strong><strong>\u00a0<a href=\"https:\/\/mfrbrenne.fr\/wp-content\/uploads\/2026\/01\/CCDACM_160126_Ruban-pedagogique.pdf\">Calendrier de formation<\/a><\/strong><\/p><\/blockquote><p>(date limite : 27 f\u00e9vrier 2026)<\/p>\t\t\t\t\t\t\t\t<\/div>\n\t\t\t\t<\/div>\n\t\t\t\t\t<\/div>\n\t\t\t\t<\/div>\n\t\t<div class=\"elementor-element elementor-element-2aee8e4 e-con-full e-flex e-con e-parent\" data-id=\"2aee8e4\" data-element_type=\"container\" data-e-type=\"container\">\n\t\t\t\t<div class=\"elementor-element elementor-element-4eea8c5 elementor-widget elementor-widget-text-editor\" data-id=\"4eea8c5\" data-element_type=\"widget\" data-e-type=\"widget\" data-widget_type=\"text-editor.default\">\n\t\t\t\t<div class=\"elementor-widget-container\">\n\t\t\t\t\t\t\t\t\t<h2><strong>Certification<\/strong><\/h2><p>N\u00b0 RNCP : <a href=\"https:\/\/www.francecompetences.fr\/recherche\/rs\/5737\/\">RS5737<\/a><\/p><p>Date d&rsquo;enregistrement : 16\/12\/2021<\/p><p>Nom l\u00e9gal du certificateur : minist\u00e8re des Sports et des Jeux Olympiques et Paralympiques<\/p><h2><strong>Public concern\u00e9<\/strong><\/h2><p>Le certificat compl\u00e9mentaire \u00ab direction d\u2019un accueil collectif de mineurs \u00bb est accessible aux titulaires d\u2019un BPJEPS, DEJEPS ou DESJEPS ou aux candidats admis en formation aux dits dipl\u00f4mes.<\/p><h2><strong>Pr\u00e9requis et conditions d\u2019acc\u00e8s<\/strong><\/h2><p><strong style=\"font-size: 16px;\">1. Avoir 18 ans<\/strong><\/p><p><strong style=\"font-size: 16px;\">2. <\/strong><strong style=\"font-size: 16px;\">R\u00e9pondre aux exigences pr\u00e9alables de la DRAJES :<br \/><\/strong><br \/>&#8211; \u00eatre titulaire de l\u2019une des attestations de formation relative au secourisme suivante :<br \/>\u00ab pr\u00e9vention et secours civiques de niveau 1 \u00bb (PSC1) ou \u00ab attestation de formation aux premiers secours \u00bb (AFPS) ;<br \/>\u00ab premiers secours en \u00e9quipe de niveau 1 \u00bb (PSE 1) en cours de validit\u00e9 ;<br \/>\u00ab premiers secours en \u00e9quipe de niveau 2 \u00bb (PSE 2) en cours de validit\u00e9 ;<br \/>\u00ab attestation de formation aux gestes et soins d\u2019urgence \u00bb (AFGSU) de niveau 1 ou de niveau 2 en cours de validit\u00e9 ;<br \/>\u00ab certificat de sauveteur secouriste du travail (STT) \u00bb en cours de validit\u00e9.<\/p><p>&#8211; \u00eatre admis en formation ou \u00eatre titulaire d\u2019une sp\u00e9cialit\u00e9 ou d\u2019une mention du brevet professionnel de la jeunesse, de l\u2019\u00e9ducation populaire et du sport, du dipl\u00f4me d&rsquo;Etat de la jeunesse, de l&rsquo;\u00e9ducation populaire et du sport et du dipl\u00f4me d&rsquo;Etat sup\u00e9rieur de la jeunesse, de l&rsquo;\u00e9ducation populaire et du sport ;<\/p><p>&#8211; et, \u00eatre capable de justifier d&rsquo;une exp\u00e9rience d&rsquo;animation de mineurs, dont une au moins en accueil collectif de mineurs, d\u2019une dur\u00e9e totale de vingt-huit jours dans les cinq ans qui pr\u00e9c\u00e8dent l\u2019entr\u00e9e en formation, au moyen d\u2019une attestation d\u00e9livr\u00e9e par la ou les structures d\u2019accueil.<\/p><p><strong>3. Avoir d\u00e9poser le dossier d\u2019inscription suivant calendrier.<\/strong><\/p><p><strong>4. Avoir \u00e9t\u00e9 admis apr\u00e8s avoir satisfait aux pr\u00e9requis et aux s\u00e9lections<\/strong><\/p><p><strong>5. Avoir un financement pr\u00e9vu.<\/strong><\/p><h2><strong>Accessibilit\u00e9 personnes handicap\u00e9es<\/strong><\/h2><p>Formation accessible aux personnes handicap\u00e9es, aux personnes en difficult\u00e9 d\u2019apprentissage.<\/p><p>Pour plus de renseignement sur les conditions d\u2019accueil et d\u2019acc\u00e8s des publics en situation de handicap, contacter la MFR de la Brenne\u00a0:<\/p><p>mfr.brenne@mfr.asso.fr\u00a0<br \/>T\u00e9l\u00a0: 06 85 12 04 78<br \/>R\u00e9f\u00e9rente Handicap : St\u00e9phanie JARDIN<\/p><p>R\u00e9f\u00e9rent \u00e0 la DRAJES pour les stagiaires en situation de handicap : Ga\u00ebtan MELE.<\/p><h2><strong>Pr\u00e9sentation g\u00e9n\u00e9rale<\/strong><\/h2><p>Le certificat compl\u00e9mentaire \u00ab\u00a0direction d&rsquo;un accueil collectif de mineurs\u00a0\u00bb permet \u00e0 son titulaire de r\u00e9pondre aux exigences de l&rsquo;<a href=\"https:\/\/www.legifrance.gouv.fr\/codes\/id\/LEGISCTA000006190050\">article R 227-14 du code de l&rsquo;action sociale et des familles<\/a> qui fixe la liste des qualifications permettant d&rsquo;exercer les fonctions de direction des s\u00e9jours de vacances et des accueils de loisirs.<\/p><h2><strong>Objectifs<\/strong><\/h2><p>Le certificat compl\u00e9mentaire \u00ab direction d\u2019un accueil collectif de mineurs \u00bb permet d\u2019exercer les fonctions de direction dans les s\u00e9jours de vacances, les accueils sans h\u00e9bergement et les accueils de scoutisme (<a href=\"https:\/\/www.legifrance.gouv.fr\/loda\/id\/JORFTEXT000000615233\/2021-01-01\/\">arr\u00eat\u00e9 du 9 f\u00e9vrier 2007<\/a> modifi\u00e9 fixant les titres et dipl\u00f4mes permettant d&rsquo;exercer les fonctions d&rsquo;animation et de direction en s\u00e9jours de vacances, en accueils sans h\u00e9bergement et en accueils de scoutisme).<\/p><h2><strong>Contenu de la formation<\/strong><\/h2><p>Les activit\u00e9s du d\u00e9tenteur du certificat compl\u00e9mentaire \u00ab direction d\u2019un accueil collectif de mineurs \u00bb se d\u00e9ploient autour de l&rsquo;\u00e9laboration du projet d\u00e9finissant<strong> les conditions de mise en \u0153uvre du projet \u00e9ducatif de l\u2019organisateur, commun\u00e9ment d\u00e9nomm\u00e9 projet p\u00e9dagogique <\/strong>et sa mise en \u0153uvre.<\/p><p>Dans la gestion du suivi de la vie quotidienne, il assure la s\u00e9curit\u00e9 physique et morale des participants (enfants et adultes) dans la vie quotidienne et des activit\u00e9s. Il d\u00e9veloppe et fait d\u00e9velopper des pratiques favorisant le vivre-ensemble et la citoyennet\u00e9 dans la vie quotidienne, les pratiques num\u00e9riques raisonn\u00e9es et les activit\u00e9s de l\u2019accueil collectif de mineurs (ACM). \u00a0<\/p><p>Un <strong>stage de direction \u00e0 r\u00e9aliser de 18 jours minimum<\/strong>, cons\u00e9cutifs ou non, dans un ACM agr\u00e9\u00e9.<\/p><h2><strong>Modalit\u00e9s p\u00e9dagogiques<\/strong><\/h2><p>Alternance d\u2019apports th\u00e9oriques, \u00e9changes sur les pratiques, mises en situation, p\u00e9dagogie de projet, individualisation des parcours, tutorat.<\/p><p>Formation en pr\u00e9sentielle ou \u00e0 distance.<\/p><p>Exp\u00e9rience professionnelle et p\u00e9dagogique des intervenants.<\/p><p>Moyens mat\u00e9riels : salle, vid\u00e9oprojecteur, paperboard, outils d\u2019animation<\/p><h2><strong>Modules compl\u00e9mentaires propos\u00e9s<\/strong><\/h2><p>\/<\/p><h2><strong>Comp\u00e9tences professionnelles vis\u00e9es<\/strong><\/h2><p>Comp\u00e9tences attest\u00e9es :<\/p><p>\u00a0&#8211; Organiser et \u00e9valuer les activit\u00e9s d\u2019un accueil collectif de mineurs<\/p><p>\u00a0&#8211; Encadrer une \u00e9quipe dans le cadre d\u2019un accueil collectif de mineurs\u00a0<\/p><p>\u00a0&#8211; Accueillir les publics enfants et adolescents et les animateurs \u00a0<\/p><h2><strong>P\u00e9riode, dur\u00e9e<\/strong><\/h2><p>Avril \u00e0 d\u00e9cembre 2026 (hors rattrapage)<\/p><p>136 heures en centre de formation (certains jeudi et vendredi*) et 126 heures minimum (18 jours), cons\u00e9cutifs ou non dans un accueil collectif de mineurs (ACM) agr\u00e9\u00e9<\/p><p>9h-17h<\/p><p><em>(*) <a href=\"https:\/\/mfrbrenne.fr\/wp-content\/uploads\/2026\/01\/CCDACM_160126_Ruban-pedagogique.pdf\">Calendrier (ruban p\u00e9dagogique)<\/a><\/em><\/p><h2><strong>Modalit\u00e9s et d\u00e9lais d\u2019acc\u00e8s<\/strong><\/h2><p>&#8211; Cl\u00f4ture des inscriptions : 27 f\u00e9vrier 2026<\/p><p>&#8211; S\u00e9lections* : 11 et 12 mars 2026<\/p><p>&#8211; Positionnement : 2 et 3 avril 2026<\/p><p>&#8211; D\u00e9but des cours en centre : 30 avril 2026<\/p><p>&#8211; Stage de direction (18 jours minimum)\u00a0: entre le 4 juillet et 30 ao\u00fbt 2026<\/p><p>&#8211; Date de fin de formation en centre : 1<sup>er<\/sup> d\u00e9cembre 2026<\/p><p>&#8211; Date de la certification : 3 d\u00e9cembre 2026<\/p><p>&#8211; Date de rattrapage\u00a0: 7 janvier 2027<\/p><p><em>(*) Les s\u00e9lections interviennent dans le cas o\u00f9 il y aurait plus de candidats que de places ouvertes. <\/em><\/p><h2><strong>Lieu<\/strong><\/h2><p>Tiers-lieu Carte Blanche\u00a0<\/p><p>7, rue George Sand<\/p><p>36300 Le Blanc<\/p><h2><strong>Co\u00fbt par participant<\/strong><\/h2><p>1475 \u20ac<\/p><p>Suivant le statut du stagiaire, diff\u00e9rentes prises en charge du co\u00fbt de la formation sont envisageables (employeurs, France travail, CPF\u2026). Nous contacter pour plus d\u2019informations.<\/p><p><em>NB : tarifs variables selon les all\u00e8gements.<\/em><\/p><h2><strong>Contact<\/strong><\/h2><p>Laure BOUGON (coordinatrice administrative)<br \/>06 85 12 04 78<br \/><a href=\"mailto:laure.bougon@mfr.asso.fr\">laure.bougon@mfr.asso.fr<\/a><\/p><p>St\u00e9phanie JARDIN (coordinatrice p\u00e9dagogique)<br \/>06 07 53 39 14<br \/><a href=\"mailto:stephanie.jardin@mfr.asso.fr\">stephanie.jardin@mfr.asso.fr<\/a><\/p><h2><strong>Suivi de l&rsquo;action<\/strong><\/h2><p>Emargement par les stagiaires<\/p><p>Emargement par les formateurs<\/p><p>Points r\u00e9guliers avec les stagiaires (individuels ou collectifs)<\/p><p>Points r\u00e9guliers avec les tuteurs, visites structure<\/p><p>Evaluations en fin de formation<\/p><p>Indicateurs (taux de r\u00e9ussite, de satisfaction, d&rsquo;abandon&#8230;) : ils seront communiqu\u00e9s \u00e0 la fin de cette 1er \u00e9dition\u00a0<\/p><h2><strong>Modalit\u00e9s d\u2019\u00e9valuation<\/strong><\/h2><p>La situation d&rsquo;\u00e9valuation certificative se d\u00e9compose comme suit : \u00a0\u00a0<\/p><p>1) Le candidat doit exercer des fonctions de direction pendant au moins 18 jours, cons\u00e9cutifs ou non cons\u00e9cutifs, d\u2019un accueil collectif de mineurs d\u00e9clar\u00e9, tel que d\u00e9fini dans le code de l\u2019action sociale et des familles. \u00a0<\/p><p>2) Le candidat produit un document \u00e9crit qui constitue le support d\u2019un entretien de 30 minutes maximum comprenant 10 minutes maximum de pr\u00e9sentation orale par le candidat devant un jury. \u00a0<\/p><h2><strong>Passerelles et d\u00e9bouch\u00e9s possibles<\/strong><\/h2><p>Directeur.ice d\u2019ACM (Accueil collectif de mineurs)<\/p><h2><strong>Pour en savoir plus<\/strong><\/h2><ul><li><a href=\"https:\/\/mfrbrenne.fr\/wp-content\/uploads\/2026\/01\/CCDACM_160126_Fiche-formation.pdf\">Fiche formation<\/a><\/li><li><a href=\"https:\/\/mfrbrenne.fr\/wp-content\/uploads\/2026\/01\/CCDACM_160126_Ruban-pedagogique.pdf\">Calendrier de formation (ruban p\u00e9dagogique)<\/a><\/li><li><a href=\"https:\/\/mfrbrenne.fr\/wp-content\/uploads\/2026\/01\/Dossier-dinscription-CCDACM_160126.pdf\">Dossier d&rsquo;inscription<\/a><\/li><li><span style=\"font-size: 16px;\"><a href=\"https:\/\/www.legifrance.gouv.fr\/jorf\/id\/JORFTEXT000044454538\">ARR\u00caT\u00c9 du 25 novembre 2021 modifiant l\u2019arr\u00eat\u00e9 du 7 novembre 2017<\/a> portant cr\u00e9ation du certificat compl\u00e9mentaire \u00ab direction d\u2019un accueil collectif de mineurs \u00bb associ\u00e9 aux sp\u00e9cialit\u00e9s et mentions du brevet professionnel de la jeunesse, de l\u2019\u00e9ducation populaire et du sport, du dipl\u00f4me d\u2019Etat de la jeunesse, de l\u2019\u00e9ducation populaire et du sport et du dipl\u00f4me d\u2019Etat sup\u00e9rieur de la jeunesse, de l\u2019\u00e9ducation populaire et du sport.<\/span><\/li><li>\u00a0<\/li><\/ul>\t\t\t\t\t\t\t\t<\/div>\n\t\t\t\t<\/div>\n\t\t\t\t<\/div>\n\t\t\t\t<\/div>\n\t\t","protected":false},"excerpt":{"rendered":"<p>Certificat compl\u00e9mentaire \u00ab\u00a0Direction d\u2019un accueil collectif de mineurs (ACM)\u00a0\u00bb Sous r\u00e9serve de l\u2019habilitation DRAJES Cliquez ici : Dossier d&rsquo;inscription \/ Fiche formation \/\u00a0Calendrier de formation (date limite : 27 f\u00e9vrier 2026) Certification N\u00b0 RNCP : RS5737 Date d&rsquo;enregistrement : 16\/12\/2021 Nom l\u00e9gal du certificateur : minist\u00e8re des Sports et des Jeux Olympiques et Paralympiques Public [&hellip;]<\/p>\n","protected":false},"author":1,"featured_media":0,"parent":0,"menu_order":0,"comment_status":"closed","ping_status":"closed","template":"","meta":{"footnotes":""},"class_list":["post-1263","page","type-page","status-publish","hentry"],"_links":{"self":[{"href":"https:\/\/mfrbrenne.fr\/index.php\/wp-json\/wp\/v2\/pages\/1263","targetHints":{"allow":["GET"]}}],"collection":[{"href":"https:\/\/mfrbrenne.fr\/index.php\/wp-json\/wp\/v2\/pages"}],"about":[{"href":"https:\/\/mfrbrenne.fr\/index.php\/wp-json\/wp\/v2\/types\/page"}],"author":[{"embeddable":true,"href":"https:\/\/mfrbrenne.fr\/index.php\/wp-json\/wp\/v2\/users\/1"}],"replies":[{"embeddable":true,"href":"https:\/\/mfrbrenne.fr\/index.php\/wp-json\/wp\/v2\/comments?post=1263"}],"version-history":[{"count":31,"href":"https:\/\/mfrbrenne.fr\/index.php\/wp-json\/wp\/v2\/pages\/1263\/revisions"}],"predecessor-version":[{"id":1306,"href":"https:\/\/mfrbrenne.fr\/index.php\/wp-json\/wp\/v2\/pages\/1263\/revisions\/1306"}],"wp:attachment":[{"href":"https:\/\/mfrbrenne.fr\/index.php\/wp-json\/wp\/v2\/media?parent=1263"}],"curies":[{"name":"wp","href":"https:\/\/api.w.org\/{rel}","templated":true}]}}