{"id":1128,"date":"2025-09-30T10:37:42","date_gmt":"2025-09-30T08:37:42","guid":{"rendered":"https:\/\/mfrbrenne.fr\/?page_id=1128"},"modified":"2026-01-07T16:23:31","modified_gmt":"2026-01-07T15:23:31","slug":"autour-du-conte","status":"publish","type":"page","link":"https:\/\/mfrbrenne.fr\/index.php\/autour-du-conte\/","title":{"rendered":"Autour du conte"},"content":{"rendered":"\t\t<div data-elementor-type=\"wp-page\" data-elementor-id=\"1128\" class=\"elementor elementor-1128\" data-elementor-post-type=\"page\">\n\t\t\t\t<div class=\"elementor-element elementor-element-24236b0 e-flex e-con-boxed e-con e-parent\" data-id=\"24236b0\" data-element_type=\"container\" data-e-type=\"container\">\n\t\t\t\t\t<div class=\"e-con-inner\">\n\t\t\t\t<div class=\"elementor-element elementor-element-acb7ec0 elementor-widget elementor-widget-text-editor\" data-id=\"acb7ec0\" data-element_type=\"widget\" data-e-type=\"widget\" data-widget_type=\"text-editor.default\">\n\t\t\t\t<div class=\"elementor-widget-container\">\n\t\t\t\t\t\t\t\t\t<h4>FORMATIONS DE LA COMPAGNIE AUDIGANE<\/h4><h2>ORGANISME DE FORMATION<\/h2><p>MFR de la Brenne<br \/>1, rue Pierre Milon<br \/>36300 Le Blanc<br \/>Contact : Laure BOUGON \/ laure.bougon@mfr.asso.fr \/ 06 85 12 04 78<\/p><h2>FORMATEURS<\/h2><p>Compagnie Audigane<br \/>Contact : Armelle AUDIGANE et Peppo AUDIGANE \/ armelleetpeppo@gmail.com \/ 06 16 25 66 54<\/p><h2>FORMATIONS PROPOSEES<\/h2><p>Deux formations sont propos\u00e9es par la Compagnie Audigane en 2026 (R\u00e9cits Vivants) :<\/p><h3>1. Formation \u00ab Art du Conte et Oralit\u00e9 \u00bb :<\/h3><p>Acc\u00e8s \u00e0 la fiche formation compl\u00e8te en <a href=\"https:\/\/mfrbrenne.fr\/wp-content\/uploads\/2025\/10\/Fiche-formation-Audigane_Art-du-conte-et-oralite_150925-DEF.pdf\">cliquant ici<\/a><br \/>Formatrice : Armelle Audigane.<\/p><p><strong>Trois sessions possibles\u00a0:<\/strong><br \/>&#8211; Janvier 2026 : vendredi 23, samedi 24, dimanche 25<br \/>&#8211; F\u00e9vrier 2026 : jeudi 26, vendredi 27, samedi 28<br \/>&#8211; Mai 2026 : vendredi 22, samedi 23, dimanche 24<\/p><h3>2. Formation \u00ab Contes et Musiques \u00bb :<\/h3><p>Acc\u00e8s \u00e0 la fiche formation compl\u00e8te en <a href=\"https:\/\/mfrbrenne.fr\/wp-content\/uploads\/2025\/10\/Fiche-formation-Audigane_Contes-et-Musiques_150925-DEF.pdf\">cliquant ici<\/a><br \/>Formateurs : Armelle et Peppo Audigane.<\/p><p><strong>Deux sessions possibles :<\/strong><br \/>&#8211; Mars 2026 : Jeudi 19, vendredi 20, samedi 21<br \/>&#8211; Juin 2026 : Vendredi 26, samedi 27, dimanche 28.<\/p><h2>PRESENTATION DE LA COMPAGNIE AUDIGANE<\/h2><h3>La Compagnie Audigane<\/h3><p>Armelle, conteuse et Peppo musicien de la Compagnie Audigane, sillonnent depuis plus de trente ans les routes de France, d\u2019Europe avec leurs spectacles. Mais au-del\u00e0 de la sc\u00e8ne, ils transmettent aussi leur savoir-faire lors de stages et de formations, o\u00f9 leurs exp\u00e9riences d\u2019artistes se transforment en outils p\u00e9dagogiques concrets.<\/p><h3>Leur approche de formateurs<\/h3><p>En formation, Armelle et Peppo ne se placent pas seulement comme artistes, mais comme passeurs d\u2019outils, de m\u00e9thodes et d\u2019exp\u00e9riences.<\/p><p><strong>Leur p\u00e9dagogie repose sur :<\/strong> <br \/>L\u2019\u00e9coute bienveillante et la valorisation des participants.<br \/>Des exercices pratiques issus de leur longue exp\u00e9rience sc\u00e9nique.<br \/>Une mise en lien entre l\u2019art du r\u00e9cit, l\u2019oralit\u00e9, la musique et la pr\u00e9sence sc\u00e9nique<br \/>Ils s\u2019adaptent chaque stage aux profils pr\u00e9sents\u00a0:<br \/>D\u00e9butants, amateurs passionn\u00e9s ou professionnels confirm\u00e9s.<\/p><h3>Domaines de formation<\/h3><p>Art du conte et oralit\u00e9 : Trouver sa parole, d\u00e9velopper sa pr\u00e9sence, construire un r\u00e9cit.<br \/>Conte et Musique : Explorer la musicalit\u00e9 de la voix, associer r\u00e9cit ou po\u00e8me et accompagnement sonore, travailler le rythme et l\u2019\u00e9coute.<br \/>Prise de parole et expression orale : D\u00e9passer ses blocages, renforcer la confiance devant un auditoire.<br \/>Transmission culturelle et m\u00e9moire vivante : Raconter pour transmettre, relier histoires personnelles et collectives.<\/p><h3>Valeur ajout\u00e9e<\/h3><p>La force d\u2019Armelle et Peppo est de lier la pratique et la p\u00e9dagogie :<br \/>Chaque outil propos\u00e9 a \u00e9t\u00e9 \u00e9prouv\u00e9 sur sc\u00e8ne et pens\u00e9 pour \u00eatre transmissibles. Ils offrent aux stagiaires non seulement une technique, mais aussi une vision artistique nourrie de leur parcours singulier de conteurs-musiciens-voyageurs.<\/p><p>Site Internet\u00a0: <a href=\"https:\/\/www.cieaudigane.com\/\">https:\/\/www.cieaudigane.com\/<\/a><\/p><h3>Pour en savoir plus<\/h3><ul><li><a href=\"https:\/\/mfrbrenne.fr\/wp-content\/uploads\/2025\/10\/Fiche-formation-Audigane_Art-du-conte-et-oralite_150925-DEF.pdf\">Fiche formation\u00a0\u00ab Art du Conte et Oralit\u00e9 \u00bb<\/a><\/li><li><a href=\"https:\/\/mfrbrenne.fr\/wp-content\/uploads\/2025\/10\/Fiche-formation-Audigane_Contes-et-Musiques_150925-DEF.pdf\">Fiche formation \u00ab Contes et Musiques \u00bb<\/a><\/li><\/ul>\t\t\t\t\t\t\t\t<\/div>\n\t\t\t\t<\/div>\n\t\t\t\t\t<\/div>\n\t\t\t\t<\/div>\n\t\t\t\t<\/div>\n\t\t","protected":false},"excerpt":{"rendered":"<p>FORMATIONS DE LA COMPAGNIE AUDIGANE ORGANISME DE FORMATION MFR de la Brenne1, rue Pierre Milon36300 Le BlancContact : Laure BOUGON \/ laure.bougon@mfr.asso.fr \/ 06 85 12 04 78 FORMATEURS Compagnie AudiganeContact : Armelle AUDIGANE et Peppo AUDIGANE \/ armelleetpeppo@gmail.com \/ 06 16 25 66 54 FORMATIONS PROPOSEES Deux formations sont propos\u00e9es par la Compagnie Audigane [&hellip;]<\/p>\n","protected":false},"author":1,"featured_media":0,"parent":0,"menu_order":0,"comment_status":"closed","ping_status":"closed","template":"","meta":{"footnotes":""},"class_list":["post-1128","page","type-page","status-publish","hentry"],"_links":{"self":[{"href":"https:\/\/mfrbrenne.fr\/index.php\/wp-json\/wp\/v2\/pages\/1128","targetHints":{"allow":["GET"]}}],"collection":[{"href":"https:\/\/mfrbrenne.fr\/index.php\/wp-json\/wp\/v2\/pages"}],"about":[{"href":"https:\/\/mfrbrenne.fr\/index.php\/wp-json\/wp\/v2\/types\/page"}],"author":[{"embeddable":true,"href":"https:\/\/mfrbrenne.fr\/index.php\/wp-json\/wp\/v2\/users\/1"}],"replies":[{"embeddable":true,"href":"https:\/\/mfrbrenne.fr\/index.php\/wp-json\/wp\/v2\/comments?post=1128"}],"version-history":[{"count":19,"href":"https:\/\/mfrbrenne.fr\/index.php\/wp-json\/wp\/v2\/pages\/1128\/revisions"}],"predecessor-version":[{"id":1225,"href":"https:\/\/mfrbrenne.fr\/index.php\/wp-json\/wp\/v2\/pages\/1128\/revisions\/1225"}],"wp:attachment":[{"href":"https:\/\/mfrbrenne.fr\/index.php\/wp-json\/wp\/v2\/media?parent=1128"}],"curies":[{"name":"wp","href":"https:\/\/api.w.org\/{rel}","templated":true}]}}